{"id":117,"date":"2026-03-03T10:18:49","date_gmt":"2026-03-03T10:18:49","guid":{"rendered":"https:\/\/africahernandez.fpcei.eu\/?page_id=117"},"modified":"2026-03-03T10:18:49","modified_gmt":"2026-03-03T10:18:49","slug":"precios","status":"publish","type":"page","link":"https:\/\/africahernandez.fpcei.eu\/?page_id=117","title":{"rendered":"Precios"},"content":{"rendered":"\n<div class=\"wp-block-columns is-layout-flex wp-container-core-columns-is-layout-28f84493 wp-block-columns-is-layout-flex\">\n<div class=\"wp-block-column is-layout-flow wp-block-column-is-layout-flow\">\n<p>Los precios var\u00edan seg\u00fan el nivel, ya cada uno tiene un n\u00famero de horas de clases distinto.<\/p>\n\n\n\n<div class=\"wp-block-columns is-layout-flex wp-container-core-columns-is-layout-28f84493 wp-block-columns-is-layout-flex\">\n<div class=\"wp-block-column is-layout-flow wp-block-column-is-layout-flow\">\n<div class=\"wp-block-group has-global-padding is-layout-constrained wp-block-group-is-layout-constrained\">\n<h2 class=\"wp-block-heading\">Infantil<\/h2>\n\n\n\n<ul class=\"wp-block-list\">\n<li><mark style=\"background-color:rgba(0, 0, 0, 0)\" class=\"has-inline-color has-custom-color-1-color\">30 euros\/mes (2h semana)                 <\/mark>  <\/li>\n\n\n\n<li>15 euros\/mes (1h semana)<\/li>\n<\/ul>\n<\/div>\n<\/div>\n\n\n\n<div class=\"wp-block-column is-layout-flow wp-block-column-is-layout-flow\">\n<h2 class=\"wp-block-heading\">Elemental<\/h2>\n\n\n\n<ul class=\"wp-block-list\">\n<li>70 euros\/mes (6h semana)<\/li>\n\n\n\n<li>40 euros\/mes (3h semana)<\/li>\n<\/ul>\n\n\n\n<p><\/p>\n<\/div>\n\n\n\n<div class=\"wp-block-column is-layout-flow wp-block-column-is-layout-flow\">\n<h2 class=\"wp-block-heading\">Intermedio<\/h2>\n\n\n\n<ul class=\"wp-block-list\">\n<li>90 euros\/mes (8h semana)<\/li>\n\n\n\n<li>50 euros\/mes (4 horas semana)<\/li>\n<\/ul>\n<\/div>\n<\/div>\n<\/div>\n<\/div>\n\n\n\n<div class=\"wp-block-columns is-layout-flex wp-container-core-columns-is-layout-28f84493 wp-block-columns-is-layout-flex\">\n<div class=\"wp-block-column is-layout-flow wp-block-column-is-layout-flow\">\n<h2 class=\"wp-block-heading\">Avanzado<\/h2>\n\n\n\n<ul class=\"wp-block-list\">\n<li>200 euros\/mes (20h semana)<\/li>\n\n\n\n<li>150 euros\/mes (12h semana)<\/li>\n\n\n\n<li>90 euros\/mes (8h semana)<\/li>\n\n\n\n<li>50 euros\/mes(4h semana)<\/li>\n<\/ul>\n<\/div>\n\n\n\n<div class=\"wp-block-column is-layout-flow wp-block-column-is-layout-flow\"><\/div>\n\n\n\n<div class=\"wp-block-column is-layout-flow wp-block-column-is-layout-flow\">\n<h2 class=\"wp-block-heading\">Adultos<\/h2>\n\n\n\n<ul class=\"wp-block-list\">\n<li>50 euros\/mes (4h semana)<\/li>\n\n\n\n<li>30 euros\/mes (2h semana)<\/li>\n<\/ul>\n<\/div>\n<\/div>\n","protected":false},"excerpt":{"rendered":"<p>Los precios var\u00edan seg\u00fan el nivel, ya cada uno tiene un n\u00famero de horas de clases distinto. Infantil Elemental Intermedio Avanzado Adultos<\/p>\n","protected":false},"author":2,"featured_media":0,"parent":0,"menu_order":0,"comment_status":"closed","ping_status":"closed","template":"","meta":{"footnotes":""},"class_list":["post-117","page","type-page","status-publish","hentry"],"_links":{"self":[{"href":"https:\/\/africahernandez.fpcei.eu\/index.php?rest_route=\/wp\/v2\/pages\/117","targetHints":{"allow":["GET"]}}],"collection":[{"href":"https:\/\/africahernandez.fpcei.eu\/index.php?rest_route=\/wp\/v2\/pages"}],"about":[{"href":"https:\/\/africahernandez.fpcei.eu\/index.php?rest_route=\/wp\/v2\/types\/page"}],"author":[{"embeddable":true,"href":"https:\/\/africahernandez.fpcei.eu\/index.php?rest_route=\/wp\/v2\/users\/2"}],"replies":[{"embeddable":true,"href":"https:\/\/africahernandez.fpcei.eu\/index.php?rest_route=%2Fwp%2Fv2%2Fcomments&post=117"}],"version-history":[{"count":2,"href":"https:\/\/africahernandez.fpcei.eu\/index.php?rest_route=\/wp\/v2\/pages\/117\/revisions"}],"predecessor-version":[{"id":132,"href":"https:\/\/africahernandez.fpcei.eu\/index.php?rest_route=\/wp\/v2\/pages\/117\/revisions\/132"}],"wp:attachment":[{"href":"https:\/\/africahernandez.fpcei.eu\/index.php?rest_route=%2Fwp%2Fv2%2Fmedia&parent=117"}],"curies":[{"name":"wp","href":"https:\/\/api.w.org\/{rel}","templated":true}]}}