{"id":43,"date":"2026-02-26T12:20:26","date_gmt":"2026-02-26T12:20:26","guid":{"rendered":"https:\/\/africahernandez.fpcei.eu\/?page_id=43"},"modified":"2026-03-03T10:13:15","modified_gmt":"2026-03-03T10:13:15","slug":"nuestros-niveles","status":"publish","type":"page","link":"https:\/\/africahernandez.fpcei.eu\/?page_id=43","title":{"rendered":"Nuestros niveles"},"content":{"rendered":"<p class=\"wp-block-site-tagline\">Ofrecemos 5 cursos de danza para un rango de edad orientativo, con clases especializadas en la etapa de danza en la que se encuentran los alumnos de cada nivel.<\/p>\n\n\n<details class=\"wp-block-details is-layout-flow wp-block-details-is-layout-flow\"><summary>infantil<\/summary>\n<p>3-6 a\u00f1os. Clases adaptadas a los m\u00e1s peque\u00f1os. Clases: ballet y flamenco<\/p>\n\n\n\n<figure class=\"wp-block-image aligncenter size-full is-resized\"><img loading=\"lazy\" decoding=\"async\" width=\"567\" height=\"378\" src=\"https:\/\/africahernandez.fpcei.eu\/wp-content\/uploads\/2026\/02\/babys-ballet-edited-1.jpg\" alt=\"\" class=\"wp-image-92\" style=\"width:486px;height:auto\" srcset=\"https:\/\/africahernandez.fpcei.eu\/wp-content\/uploads\/2026\/02\/babys-ballet-edited-1.jpg 567w, https:\/\/africahernandez.fpcei.eu\/wp-content\/uploads\/2026\/02\/babys-ballet-edited-1-300x200.jpg 300w\" sizes=\"auto, (max-width: 567px) 100vw, 567px\" \/><\/figure>\n<\/details>\n\n\n\n<details class=\"wp-block-details is-layout-flow wp-block-details-is-layout-flow\"><summary>elemental<\/summary>\n<p>7-11 a\u00f1os. Inicio en la t\u00e9cnica del ballet m\u00e1s a fondo. Inicio en el trabajo de las puntas para las ni\u00f1as que est\u00e9n preparadas. Clases: t\u00e9cnica cl\u00e1sica, acondicionamiento f\u00edsico, contempor\u00e1neo.<\/p>\n\n\n\n<figure class=\"wp-block-image aligncenter size-full is-resized\"><img loading=\"lazy\" decoding=\"async\" width=\"736\" height=\"523\" src=\"https:\/\/africahernandez.fpcei.eu\/wp-content\/uploads\/2026\/02\/elemental-1.jpg\" alt=\"\" class=\"wp-image-110\" style=\"aspect-ratio:1.4073003706728655;width:550px;height:auto\" srcset=\"https:\/\/africahernandez.fpcei.eu\/wp-content\/uploads\/2026\/02\/elemental-1.jpg 736w, https:\/\/africahernandez.fpcei.eu\/wp-content\/uploads\/2026\/02\/elemental-1-300x213.jpg 300w\" sizes=\"auto, (max-width: 736px) 100vw, 736px\" \/><\/figure>\n<\/details>\n\n\n\n<details class=\"wp-block-details is-layout-flow wp-block-details-is-layout-flow\"><summary>intermedio<\/summary>\n<p>12-15 a\u00f1os. Un nivel para alumnos con una base elemental. Cuenta con diversas clases como t\u00e9cnica cl\u00e1sica, contempor\u00e1neo, puntas, acondicionamiento f\u00edsico<\/p>\n\n\n\n<figure class=\"wp-block-image aligncenter size-full is-resized\"><img loading=\"lazy\" decoding=\"async\" width=\"723\" height=\"542\" src=\"https:\/\/africahernandez.fpcei.eu\/wp-content\/uploads\/2026\/02\/inter-edited.jpg\" alt=\"\" class=\"wp-image-112\" style=\"aspect-ratio:1.3339685564554549;width:491px;height:auto\" srcset=\"https:\/\/africahernandez.fpcei.eu\/wp-content\/uploads\/2026\/02\/inter-edited.jpg 723w, https:\/\/africahernandez.fpcei.eu\/wp-content\/uploads\/2026\/02\/inter-edited-300x225.jpg 300w\" sizes=\"auto, (max-width: 723px) 100vw, 723px\" \/><\/figure>\n<\/details>\n\n\n\n<details class=\"wp-block-details is-layout-flow wp-block-details-is-layout-flow\"><summary>avanzado<\/summary>\n<p>+16 a\u00f1os. Alumnos con una gran base de danza. Es la etapa m\u00e1s avanzada, preparando a los alumnos para la salida profesional. Ofrece nuevas clases esenciales en la carrera de danza: repertorio cl\u00e1sico y paso a dos<\/p>\n\n\n\n<figure class=\"wp-block-image size-full is-resized\"><img loading=\"lazy\" decoding=\"async\" width=\"714\" height=\"466\" src=\"https:\/\/africahernandez.fpcei.eu\/wp-content\/uploads\/2026\/02\/avanzado.jpg\" alt=\"\" class=\"wp-image-113\" style=\"aspect-ratio:1.5322001436437636;width:442px;height:auto\" srcset=\"https:\/\/africahernandez.fpcei.eu\/wp-content\/uploads\/2026\/02\/avanzado.jpg 714w, https:\/\/africahernandez.fpcei.eu\/wp-content\/uploads\/2026\/02\/avanzado-300x196.jpg 300w\" sizes=\"auto, (max-width: 714px) 100vw, 714px\" \/><\/figure>\n<\/details>\n\n\n\n<details class=\"wp-block-details is-layout-flow wp-block-details-is-layout-flow\"><summary>adultos<\/summary>\n<p>adultos que quieran retomar la danza o iniciarse. \u00a1Nunca es demasiado tarde para empezar si hay ganas!<\/p>\n\n\n\n<figure class=\"wp-block-image aligncenter size-large is-resized\"><img loading=\"lazy\" decoding=\"async\" width=\"1024\" height=\"576\" src=\"https:\/\/africahernandez.fpcei.eu\/wp-content\/uploads\/2026\/02\/adult-classes3-scaled-1-1024x576.jpg\" alt=\"\" class=\"wp-image-114\" style=\"width:558px;height:auto\" srcset=\"https:\/\/africahernandez.fpcei.eu\/wp-content\/uploads\/2026\/02\/adult-classes3-scaled-1-1024x576.jpg 1024w, https:\/\/africahernandez.fpcei.eu\/wp-content\/uploads\/2026\/02\/adult-classes3-scaled-1-300x169.jpg 300w, https:\/\/africahernandez.fpcei.eu\/wp-content\/uploads\/2026\/02\/adult-classes3-scaled-1-768x432.jpg 768w, https:\/\/africahernandez.fpcei.eu\/wp-content\/uploads\/2026\/02\/adult-classes3-scaled-1-1536x864.jpg 1536w, https:\/\/africahernandez.fpcei.eu\/wp-content\/uploads\/2026\/02\/adult-classes3-scaled-1-2048x1152.jpg 2048w\" sizes=\"auto, (max-width: 1024px) 100vw, 1024px\" \/><\/figure>\n<\/details>\n\n\n\n<p>A continuaci\u00f3n dejamos un pdf con las bases de las clase de danza cl\u00e1sica que seguimos adecuadamente en nuestra academia:<\/p>\n\n\n<iframe loading=\"lazy\" class=\"embed-pdf-viewer\" src=\"https:\/\/africahernandez.fpcei.eu\/wp-content\/uploads\/2026\/03\/Bases-de-la-clase-de-ballet-2.pdf\" height=\"267\" width=\"267\" title=\"Array\"><\/iframe>","protected":false},"excerpt":{"rendered":"<p>A continuaci\u00f3n dejamos un pdf con las bases de las clase de danza cl\u00e1sica que seguimos adecuadamente en nuestra academia:<\/p>\n","protected":false},"author":2,"featured_media":0,"parent":0,"menu_order":0,"comment_status":"closed","ping_status":"closed","template":"","meta":{"footnotes":""},"class_list":["post-43","page","type-page","status-publish","hentry"],"_links":{"self":[{"href":"https:\/\/africahernandez.fpcei.eu\/index.php?rest_route=\/wp\/v2\/pages\/43","targetHints":{"allow":["GET"]}}],"collection":[{"href":"https:\/\/africahernandez.fpcei.eu\/index.php?rest_route=\/wp\/v2\/pages"}],"about":[{"href":"https:\/\/africahernandez.fpcei.eu\/index.php?rest_route=\/wp\/v2\/types\/page"}],"author":[{"embeddable":true,"href":"https:\/\/africahernandez.fpcei.eu\/index.php?rest_route=\/wp\/v2\/users\/2"}],"replies":[{"embeddable":true,"href":"https:\/\/africahernandez.fpcei.eu\/index.php?rest_route=%2Fwp%2Fv2%2Fcomments&post=43"}],"version-history":[{"count":9,"href":"https:\/\/africahernandez.fpcei.eu\/index.php?rest_route=\/wp\/v2\/pages\/43\/revisions"}],"predecessor-version":[{"id":131,"href":"https:\/\/africahernandez.fpcei.eu\/index.php?rest_route=\/wp\/v2\/pages\/43\/revisions\/131"}],"wp:attachment":[{"href":"https:\/\/africahernandez.fpcei.eu\/index.php?rest_route=%2Fwp%2Fv2%2Fmedia&parent=43"}],"curies":[{"name":"wp","href":"https:\/\/api.w.org\/{rel}","templated":true}]}}