{"id":71,"date":"2026-02-21T15:27:29","date_gmt":"2026-02-21T15:27:29","guid":{"rendered":"https:\/\/africahernandez.fpcei.eu\/?page_id=71"},"modified":"2026-02-26T07:34:34","modified_gmt":"2026-02-26T07:34:34","slug":"quienes-somos","status":"publish","type":"page","link":"https:\/\/africahernandez.fpcei.eu\/?page_id=71","title":{"rendered":"\u00bfQui\u00e9nes somos?"},"content":{"rendered":"\n<p class=\"has-text-align-left\"><mark style=\"background-color:#c6a08e;color:#191919\" class=\"has-inline-color\">Nuestro equipo consta de docentes de danza especializados en su respectivo         \u00e1mbito, todos ellos con t\u00edtulos v\u00e1lidos sobre su estudio y graduaci\u00f3n del                 conservatorio profesional de danza, adem\u00e1s de ser figuras representativas del        mundo de la danza. Muchos ofrecen cursos y masterclass por distintas ciudades y pa\u00edses y preparan cada d\u00eda con ilusi\u00f3n y la mejor experiencia a sus alumnos para la salida profesional y la preparaci\u00f3n para contratos en el extranjero.                           <\/mark>    <\/p>\n\n\n\n<p><\/p>\n\n\n\n<div class=\"wp-block-columns is-layout-flex wp-container-core-columns-is-layout-28f84493 wp-block-columns-is-layout-flex\">\n<div class=\"wp-block-column is-layout-flow wp-block-column-is-layout-flow\">\n<details class=\"wp-block-details\"><summary><mark style=\"background-color:#191919;color:#7d5d4a\" class=\"has-inline-color is-layout-flow wp-block-details-is-layout-flow\">\u00c1frica Hern\u00e1ndez<\/mark><\/summary>\n<p>Directora de AfBallet. Graduada en pedagog\u00eda de la danza y en administraci\u00f3n y direcci\u00f3n de empresas.<\/p>\n<\/details>\n<\/div>\n\n\n\n<div class=\"wp-block-column is-layout-flow wp-block-column-is-layout-flow\">\n<details class=\"wp-block-details\"><summary><mark style=\"background-color:#191919;color:#7d5d4a\" class=\"has-inline-color is-layout-flow wp-block-details-is-layout-flow\">Eduardo Castillo<\/mark><\/summary>\n<p>Ex-bailar\u00edn solista de la compa\u00f1\u00eda Nacional de Danza de Espa\u00f1a. Una gran experiencia preparando alumnos para compa\u00f1\u00edas y ballets profesionales.<\/p>\n<\/details>\n<\/div>\n\n\n\n<div class=\"wp-block-column is-layout-flow wp-block-column-is-layout-flow\">\n<details class=\"wp-block-details\"><summary><mark style=\"background-color:#191919;color:#7d5d4a\" class=\"has-inline-color is-layout-flow wp-block-details-is-layout-flow\">Sara Pavlova<\/mark><\/summary>\n<p>Ex-bailarina del ballet de Mosc\u00fa. Jurado y profesora reconocida en el mundo de la danza, como yagp, prix de luassane, concours de l&#8217;opera de paris <\/p>\n<\/details>\n<\/div>\n<\/div>\n\n\n\n<div class=\"wp-block-columns is-layout-flex wp-container-core-columns-is-layout-28f84493 wp-block-columns-is-layout-flex\">\n<div class=\"wp-block-column is-layout-flow wp-block-column-is-layout-flow\">\n<ul class=\"wp-block-list\">\n<li>profesora de ballet del nivel intermedio y avanzado<\/li>\n<\/ul>\n<\/div>\n\n\n\n<div class=\"wp-block-column is-layout-flow wp-block-column-is-layout-flow\">\n<ul class=\"wp-block-list\">\n<li>profesor de ballet del nivel avanzado<\/li>\n<\/ul>\n<\/div>\n\n\n\n<div class=\"wp-block-column is-layout-flow wp-block-column-is-layout-flow\">\n<ul class=\"wp-block-list\">\n<li>profesora de puntas y repertorio todos los niveles<\/li>\n<\/ul>\n<\/div>\n<\/div>\n\n\n\n<div class=\"wp-block-columns is-layout-flex wp-container-core-columns-is-layout-28f84493 wp-block-columns-is-layout-flex\">\n<div class=\"wp-block-column is-layout-flow wp-block-column-is-layout-flow\">\n<figure class=\"wp-block-image size-full is-resized\"><img loading=\"lazy\" decoding=\"async\" width=\"500\" height=\"500\" src=\"https:\/\/africahernandez.fpcei.eu\/wp-content\/uploads\/2026\/02\/profe1-edited.jpeg\" alt=\"\" class=\"wp-image-73\" style=\"width:154px;height:auto\" srcset=\"https:\/\/africahernandez.fpcei.eu\/wp-content\/uploads\/2026\/02\/profe1-edited.jpeg 500w, https:\/\/africahernandez.fpcei.eu\/wp-content\/uploads\/2026\/02\/profe1-edited-300x300.jpeg 300w, https:\/\/africahernandez.fpcei.eu\/wp-content\/uploads\/2026\/02\/profe1-edited-150x150.jpeg 150w\" sizes=\"auto, (max-width: 500px) 100vw, 500px\" \/><\/figure>\n<\/div>\n\n\n\n<div class=\"wp-block-column is-layout-flow wp-block-column-is-layout-flow\">\n<figure class=\"wp-block-image size-full is-resized\"><img loading=\"lazy\" decoding=\"async\" width=\"366\" height=\"352\" src=\"https:\/\/africahernandez.fpcei.eu\/wp-content\/uploads\/2026\/02\/profe-4.jpg\" alt=\"\" class=\"wp-image-77\" style=\"aspect-ratio:1.0398050365556457;width:161px;height:auto\" srcset=\"https:\/\/africahernandez.fpcei.eu\/wp-content\/uploads\/2026\/02\/profe-4.jpg 366w, https:\/\/africahernandez.fpcei.eu\/wp-content\/uploads\/2026\/02\/profe-4-300x289.jpg 300w\" sizes=\"auto, (max-width: 366px) 100vw, 366px\" \/><\/figure>\n<\/div>\n\n\n\n<div class=\"wp-block-column is-layout-flow wp-block-column-is-layout-flow\">\n<figure class=\"wp-block-image size-full is-resized\"><img loading=\"lazy\" decoding=\"async\" width=\"388\" height=\"388\" src=\"https:\/\/africahernandez.fpcei.eu\/wp-content\/uploads\/2026\/02\/profe-3-edited-1.jpg\" alt=\"\" class=\"wp-image-76\" style=\"width:153px;height:auto\" srcset=\"https:\/\/africahernandez.fpcei.eu\/wp-content\/uploads\/2026\/02\/profe-3-edited-1.jpg 388w, https:\/\/africahernandez.fpcei.eu\/wp-content\/uploads\/2026\/02\/profe-3-edited-1-300x300.jpg 300w, https:\/\/africahernandez.fpcei.eu\/wp-content\/uploads\/2026\/02\/profe-3-edited-1-150x150.jpg 150w\" sizes=\"auto, (max-width: 388px) 100vw, 388px\" \/><\/figure>\n<\/div>\n<\/div>\n\n\n\n<div class=\"wp-block-columns is-layout-flex wp-container-core-columns-is-layout-28f84493 wp-block-columns-is-layout-flex\">\n<div class=\"wp-block-column is-layout-flow wp-block-column-is-layout-flow\">\n<details class=\"wp-block-details\"><summary><mark style=\"background-color:#191919\" class=\"has-inline-color has-custom-color-1-color is-layout-flow wp-block-details-is-layout-flow\">Mar\u00eda Jim\u00e9nez<\/mark><\/summary>\n<p>graduada en pedagog\u00eda de la danza. experta en la ense\u00f1anza de ballet de ni\u00f1os.<\/p>\n<\/details>\n<\/div>\n\n\n\n<div class=\"wp-block-column is-layout-flow wp-block-column-is-layout-flow\">\n<details class=\"wp-block-details\"><summary><mark style=\"background-color:#191919\" class=\"has-inline-color has-custom-color-1-color is-layout-flow wp-block-details-is-layout-flow\">Fernand Le Blanc<\/mark><\/summary>\n<p>Ex-bailar\u00edn de Lamov, graduado en danza contempor\u00e1nea en la \u00d3pera de Paris. <\/p>\n<\/details>\n<\/div>\n\n\n\n<div class=\"wp-block-column is-layout-flow wp-block-column-is-layout-flow\"><\/div>\n<\/div>\n\n\n\n<div class=\"wp-block-columns is-layout-flex wp-container-core-columns-is-layout-28f84493 wp-block-columns-is-layout-flex\">\n<div class=\"wp-block-column is-layout-flow wp-block-column-is-layout-flow\">\n<ul class=\"wp-block-list\">\n<li>profesora de ballet del nivel infantil y elemental<\/li>\n<\/ul>\n<\/div>\n\n\n\n<div class=\"wp-block-column is-layout-flow wp-block-column-is-layout-flow\">\n<ul class=\"wp-block-list\">\n<li>profesor de contempor\u00e1neo de todos los niveles<\/li>\n<\/ul>\n<\/div>\n\n\n\n<div class=\"wp-block-column is-layout-flow wp-block-column-is-layout-flow\"><\/div>\n<\/div>\n\n\n\n<div class=\"wp-block-columns is-layout-flex wp-container-core-columns-is-layout-28f84493 wp-block-columns-is-layout-flex\">\n<div class=\"wp-block-column is-layout-flow wp-block-column-is-layout-flow\">\n<figure class=\"wp-block-image size-full is-resized\"><img loading=\"lazy\" decoding=\"async\" width=\"500\" height=\"500\" src=\"https:\/\/africahernandez.fpcei.eu\/wp-content\/uploads\/2026\/02\/profe-5-edited.webp\" alt=\"\" class=\"wp-image-94\" style=\"width:180px;height:auto\" srcset=\"https:\/\/africahernandez.fpcei.eu\/wp-content\/uploads\/2026\/02\/profe-5-edited.webp 500w, https:\/\/africahernandez.fpcei.eu\/wp-content\/uploads\/2026\/02\/profe-5-edited-300x300.webp 300w, https:\/\/africahernandez.fpcei.eu\/wp-content\/uploads\/2026\/02\/profe-5-edited-150x150.webp 150w\" sizes=\"auto, (max-width: 500px) 100vw, 500px\" \/><\/figure>\n<\/div>\n\n\n\n<div class=\"wp-block-column is-layout-flow wp-block-column-is-layout-flow\">\n<figure class=\"wp-block-image size-full is-resized\"><img loading=\"lazy\" decoding=\"async\" width=\"392\" height=\"392\" src=\"https:\/\/africahernandez.fpcei.eu\/wp-content\/uploads\/2026\/02\/profe6-edited.png\" alt=\"\" class=\"wp-image-96\" style=\"width:170px;height:auto\" srcset=\"https:\/\/africahernandez.fpcei.eu\/wp-content\/uploads\/2026\/02\/profe6-edited.png 392w, https:\/\/africahernandez.fpcei.eu\/wp-content\/uploads\/2026\/02\/profe6-edited-300x300.png 300w, https:\/\/africahernandez.fpcei.eu\/wp-content\/uploads\/2026\/02\/profe6-edited-150x150.png 150w\" sizes=\"auto, (max-width: 392px) 100vw, 392px\" \/><\/figure>\n<\/div>\n\n\n\n<div class=\"wp-block-column is-layout-flow wp-block-column-is-layout-flow\"><\/div>\n<\/div>\n","protected":false},"excerpt":{"rendered":"<p>Nuestro equipo consta de docentes de danza especializados en su respectivo \u00e1mbito, todos ellos con t\u00edtulos v\u00e1lidos sobre su estudio y graduaci\u00f3n del conservatorio profesional de danza, adem\u00e1s de ser figuras representativas del mundo de la danza. Muchos ofrecen cursos y masterclass por distintas ciudades y pa\u00edses y preparan cada d\u00eda con ilusi\u00f3n y la [&hellip;]<\/p>\n","protected":false},"author":2,"featured_media":0,"parent":0,"menu_order":0,"comment_status":"closed","ping_status":"closed","template":"","meta":{"footnotes":""},"class_list":["post-71","page","type-page","status-publish","hentry"],"_links":{"self":[{"href":"https:\/\/africahernandez.fpcei.eu\/index.php?rest_route=\/wp\/v2\/pages\/71","targetHints":{"allow":["GET"]}}],"collection":[{"href":"https:\/\/africahernandez.fpcei.eu\/index.php?rest_route=\/wp\/v2\/pages"}],"about":[{"href":"https:\/\/africahernandez.fpcei.eu\/index.php?rest_route=\/wp\/v2\/types\/page"}],"author":[{"embeddable":true,"href":"https:\/\/africahernandez.fpcei.eu\/index.php?rest_route=\/wp\/v2\/users\/2"}],"replies":[{"embeddable":true,"href":"https:\/\/africahernandez.fpcei.eu\/index.php?rest_route=%2Fwp%2Fv2%2Fcomments&post=71"}],"version-history":[{"count":6,"href":"https:\/\/africahernandez.fpcei.eu\/index.php?rest_route=\/wp\/v2\/pages\/71\/revisions"}],"predecessor-version":[{"id":103,"href":"https:\/\/africahernandez.fpcei.eu\/index.php?rest_route=\/wp\/v2\/pages\/71\/revisions\/103"}],"wp:attachment":[{"href":"https:\/\/africahernandez.fpcei.eu\/index.php?rest_route=%2Fwp%2Fv2%2Fmedia&parent=71"}],"curies":[{"name":"wp","href":"https:\/\/api.w.org\/{rel}","templated":true}]}}